{"id":1370,"date":"2022-06-18T10:53:51","date_gmt":"2022-06-18T10:53:51","guid":{"rendered":"https:\/\/mb-healthandfitness.co.uk\/?page_id=1370"},"modified":"2022-06-28T14:05:25","modified_gmt":"2022-06-28T14:05:25","slug":"contact-form","status":"publish","type":"page","link":"https:\/\/mb-healthandfitness.co.uk\/fr\/contact-form","title":{"rendered":"Contact form"},"content":{"rendered":"<p><strong>Contact me for more information<\/strong><\/p>\n\t<p>&nbsp;<\/p>\n<p>Si tu souhaites postuler pour du coaching en ligne ou un programme personnalis\u00e9, compl\u00e8tes <a href=\"https:\/\/mb-healthandfitness.co.uk\/fr\/submission-form\/\">ce formulaire.<\/a><\/p>\n<p>&nbsp;<\/p>\n<p>Pour d'autres questions, n'h\u00e9sites pas \u00e0 compl\u00e9ter le formulaire ci-dessous.<\/p>\n\t<p>&nbsp;<\/p>\n<p>&nbsp;<\/p>\n<p>&nbsp;<\/p>\n<p>&nbsp;<\/p>\n<p>&nbsp;<\/p>\n\t\t\t\t<img loading=\"lazy\" src=\"https:\/\/mb-healthandfitness.co.uk\/wp-content\/uploads\/2022\/06\/Margaux-7-of-62-1-scaled.jpg\" alt=\"Margaux (7 of 62)\" itemprop=\"image\" height=\"2560\" width=\"1707\" title=\"Margaux (7 of 62)\" onerror=\"this.style.display='none'\"  \/>","protected":false},"excerpt":{"rendered":"<p>Contact me for more information &nbsp; If you would like to apply for online training, a fitness or running program please fill this form. &nbsp; If you have any other enquiries, do not hesitate to fill in the form below. &nbsp; &nbsp; &nbsp; &nbsp; &nbsp;<\/p>","protected":false},"author":1,"featured_media":0,"parent":0,"menu_order":0,"comment_status":"closed","ping_status":"closed","template":"","meta":[],"_links":{"self":[{"href":"https:\/\/mb-healthandfitness.co.uk\/fr\/wp-json\/wp\/v2\/pages\/1370"}],"collection":[{"href":"https:\/\/mb-healthandfitness.co.uk\/fr\/wp-json\/wp\/v2\/pages"}],"about":[{"href":"https:\/\/mb-healthandfitness.co.uk\/fr\/wp-json\/wp\/v2\/types\/page"}],"author":[{"embeddable":true,"href":"https:\/\/mb-healthandfitness.co.uk\/fr\/wp-json\/wp\/v2\/users\/1"}],"replies":[{"embeddable":true,"href":"https:\/\/mb-healthandfitness.co.uk\/fr\/wp-json\/wp\/v2\/comments?post=1370"}],"version-history":[{"count":7,"href":"https:\/\/mb-healthandfitness.co.uk\/fr\/wp-json\/wp\/v2\/pages\/1370\/revisions"}],"predecessor-version":[{"id":1472,"href":"https:\/\/mb-healthandfitness.co.uk\/fr\/wp-json\/wp\/v2\/pages\/1370\/revisions\/1472"}],"wp:attachment":[{"href":"https:\/\/mb-healthandfitness.co.uk\/fr\/wp-json\/wp\/v2\/media?parent=1370"}],"curies":[{"name":"wp","href":"https:\/\/api.w.org\/{rel}","templated":true}]}}